{"id":778,"date":"2017-11-06T12:09:17","date_gmt":"2017-11-06T11:09:17","guid":{"rendered":"http:\/\/baltasar.fr\/webdev\/?page_id=778"},"modified":"2021-05-20T16:51:20","modified_gmt":"2021-05-20T14:51:20","slug":"profile-clients","status":"publish","type":"page","link":"https:\/\/baltasar.fr\/en\/profile\/profile-clients\/","title":{"rendered":"Profile &#8211; Clients"},"content":{"rendered":"<div class=\"separator\">\n<h3 style=\"text-align: center;\"><\/h3>\n<\/div>\n<h3 style=\"text-align: center;\">Our Clients<\/h3>\n<p class=\"intro narrow not-big\" style=\"text-align: center;\">We&#8217;re fortunate to have worked with some great brands.<\/p>\n<ul class=\"four_columns\">\n<li><img loading=\"lazy\" decoding=\"async\" class=\"\" src=\"https:\/\/baltasar.fr\/wp-content\/uploads\/2014\/12\/montrouge_web-1.jpg\" alt=\"Ville de Montrouge\" title=\"Ville de Montrouge\" width=\"100\" height=\"100\" \/><\/li>\n<li><img loading=\"lazy\" decoding=\"async\" class=\"\" src=\"https:\/\/baltasar.fr\/wp-content\/uploads\/2014\/12\/transtherm-logo-web.jpg\" alt=\"Transtherm Technologies\" title=\"Transtherm Technologies\" width=\"100\" height=\"100\" \/><\/li>\n<li><img loading=\"lazy\" decoding=\"async\" class=\"\" src=\"https:\/\/baltasar.fr\/wp-content\/uploads\/2014\/12\/autovision_web.jpg\" alt=\"Autovision\" title=\"Autovision\" width=\"100\" height=\"100\" \/><\/li>\n<li><img loading=\"lazy\" decoding=\"async\" class=\"\" src=\"https:\/\/baltasar.fr\/wp-content\/uploads\/2014\/12\/logo-fiat-web.png\" alt=\"Fiat\" title=\"Fiat\" width=\"100\" height=\"100\" \/><\/li>\n<li><img loading=\"lazy\" decoding=\"async\" class=\"\" src=\"https:\/\/baltasar.fr\/wp-content\/uploads\/2017\/11\/nexity_web.png\" alt=\"Nexity\" title=\"Nexity\" width=\"100\" height=\"100\" \/><\/li>\n<li><img loading=\"lazy\" decoding=\"async\" class=\"\" src=\"https:\/\/baltasar.fr\/wp-content\/uploads\/2017\/11\/20121029134003logo_technal-300x300.jpg\" alt=\"Technal\" title=\"Technal\" width=\"100\" height=\"100\" \/><\/li>\n<li><img loading=\"lazy\" decoding=\"async\" class=\"\" src=\"https:\/\/baltasar.fr\/wp-content\/uploads\/2017\/11\/alstom.jpg\" alt=\"Alstom\" title=\"Alstom\" width=\"100\" height=\"100\" \/><\/li>\n<li><img loading=\"lazy\" decoding=\"async\" class=\"\" src=\"https:\/\/baltasar.fr\/wp-content\/uploads\/2021\/05\/la_hetraie_web.jpg\" alt=\"La H\u00eatraie\" title=\"La H\u00eatraie\" width=\"100\" height=\"100\" \/><\/li>\n<li><img loading=\"lazy\" decoding=\"async\" class=\"\" src=\"https:\/\/baltasar.fr\/wp-content\/uploads\/2021\/05\/lacroix-wasover-associes-web.jpg\" alt=\"LW Associ\u00e9s\" title=\"LW Associ\u00e9s\" width=\"100\" height=\"100\" \/><\/li>\n<li><img loading=\"lazy\" decoding=\"async\" class=\"\" src=\"https:\/\/baltasar.fr\/wp-content\/uploads\/2021\/05\/logo-re-corps-web.png\" alt=\"Re-Corps Club de Sport V\u00e9g\u00e9talis\u00e9\" title=\"Re-Corps Club de Sport V\u00e9g\u00e9talis\u00e9\" width=\"100\" height=\"100\" \/><\/li>\n<li><img loading=\"lazy\" decoding=\"async\" class=\"\" src=\"https:\/\/baltasar.fr\/wp-content\/uploads\/2021\/05\/va2i_web.png\" alt=\"VA2I\/Financi\u00e8re DARU\" title=\"VA2I\/Financi\u00e8re DARU\" width=\"100\" height=\"100\" \/><\/li>\n<\/ul>\n","protected":false},"excerpt":{"rendered":"<p>Our Clients We&#8217;re fortunate to have worked with some great brands.<\/p>\n","protected":false},"author":1,"featured_media":0,"parent":130,"menu_order":3,"comment_status":"closed","ping_status":"closed","template":"","meta":{"footnotes":""},"class_list":["post-778","page","type-page","status-publish","hentry","no-page-header"],"translation":{"provider":"WPGlobus","version":"3.0.0","language":"en","enabled_languages":["fr","en","es"],"languages":{"fr":{"title":true,"content":true,"excerpt":false},"en":{"title":false,"content":true,"excerpt":false},"es":{"title":false,"content":true,"excerpt":false}}},"_links":{"self":[{"href":"https:\/\/baltasar.fr\/en\/wp-json\/wp\/v2\/pages\/778","targetHints":{"allow":["GET"]}}],"collection":[{"href":"https:\/\/baltasar.fr\/en\/wp-json\/wp\/v2\/pages"}],"about":[{"href":"https:\/\/baltasar.fr\/en\/wp-json\/wp\/v2\/types\/page"}],"author":[{"embeddable":true,"href":"https:\/\/baltasar.fr\/en\/wp-json\/wp\/v2\/users\/1"}],"replies":[{"embeddable":true,"href":"https:\/\/baltasar.fr\/en\/wp-json\/wp\/v2\/comments?post=778"}],"version-history":[{"count":58,"href":"https:\/\/baltasar.fr\/en\/wp-json\/wp\/v2\/pages\/778\/revisions"}],"predecessor-version":[{"id":2768,"href":"https:\/\/baltasar.fr\/en\/wp-json\/wp\/v2\/pages\/778\/revisions\/2768"}],"up":[{"embeddable":true,"href":"https:\/\/baltasar.fr\/en\/wp-json\/wp\/v2\/pages\/130"}],"wp:attachment":[{"href":"https:\/\/baltasar.fr\/en\/wp-json\/wp\/v2\/media?parent=778"}],"curies":[{"name":"wp","href":"https:\/\/api.w.org\/{rel}","templated":true}]}}