{"id":130,"date":"2014-12-10T11:43:54","date_gmt":"2014-12-10T10:43:54","guid":{"rendered":"http:\/\/pixelgrade.com\/demos\/mies\/?page_id=130"},"modified":"2025-12-01T18:17:04","modified_gmt":"2025-12-01T17:17:04","slug":"profile","status":"publish","type":"page","link":"https:\/\/baltasar.fr\/es\/profile\/","title":{"rendered":"Profile"},"content":{"rendered":"<div class=\"twocolumn\" style=\"margin-left: 5%; margin-right: 5%;\">\n<p style=\"font-size: 1.3em; text-align: justify;\">El taller de arquitectura de Roberto Baltasar naci\u00f3 en 1989 con la voluntad de integrar en un lenguage unico las diferentes escalas de la arquitectura y del urbanismo. Nuestro trabajo, basado en la exploracion y la creacion de soluciones nuevas parte de un analisis minucioso de las necesidades de cada programa, sin olvidarnos de sus actores y del entorno que sirve de matriz a nuestros proyectos. Asi se compone la doble vocacion de nuestro equipo de trabajo, atendiendo por un lado al detalle, generador de la arquitectura y por otro lado, nuestra relacion con la ciudad y el mundo que la rodea. Nuestro lenguaje de projecto tiene por objetivo la formulacion de una vision global cuyos fundamentos son la expresion minima del significado y la pertinencia de los m\u00e9todos empleados para lograr su insercion en el medio ambiente. Nuestro m\u00e9todo de trabajo tiene por objetivo la reuni\u00f3n de todas las escalas de la arquitectura desde lo infinitamente peque\u00f1o hasta lo infinitamente grande. Hoy nuestro trabajo consiste en la reconciliacion del hombre con la naturaleza que le permitio su existencia. Pensamos que el camino hacia la felicidad reside en la consciencia de nuestra propia naturaleza universal. Nuestros projectos deben permitir con una metodologia minimal la expresion del caracter po\u00e9tico de la existencia humana. Creemos que materia de arquitectura, lo indispensable debe permitir lo esencial.<\/p>\n<\/div>\n","protected":false},"excerpt":{"rendered":"<p>El taller de arquitectura de Roberto Baltasar naci\u00f3 en 1989 con la voluntad de integrar en un lenguage unico las diferentes escalas de la arquitectura y del urbanismo. Nuestro trabajo, basado en la exploracion y la creacion de soluciones nuevas parte de un analisis minucioso de las necesidades de cada programa, sin olvidarnos de sus..<\/p>\n","protected":false},"author":1,"featured_media":0,"parent":0,"menu_order":0,"comment_status":"closed","ping_status":"closed","template":"","meta":{"footnotes":""},"class_list":["post-130","page","type-page","status-publish","hentry"],"translation":{"provider":"WPGlobus","version":"3.0.0","language":"es","enabled_languages":["fr","en","es"],"languages":{"fr":{"title":true,"content":true,"excerpt":false},"en":{"title":false,"content":true,"excerpt":false},"es":{"title":false,"content":true,"excerpt":false}}},"_links":{"self":[{"href":"https:\/\/baltasar.fr\/es\/wp-json\/wp\/v2\/pages\/130","targetHints":{"allow":["GET"]}}],"collection":[{"href":"https:\/\/baltasar.fr\/es\/wp-json\/wp\/v2\/pages"}],"about":[{"href":"https:\/\/baltasar.fr\/es\/wp-json\/wp\/v2\/types\/page"}],"author":[{"embeddable":true,"href":"https:\/\/baltasar.fr\/es\/wp-json\/wp\/v2\/users\/1"}],"replies":[{"embeddable":true,"href":"https:\/\/baltasar.fr\/es\/wp-json\/wp\/v2\/comments?post=130"}],"version-history":[{"count":21,"href":"https:\/\/baltasar.fr\/es\/wp-json\/wp\/v2\/pages\/130\/revisions"}],"predecessor-version":[{"id":2929,"href":"https:\/\/baltasar.fr\/es\/wp-json\/wp\/v2\/pages\/130\/revisions\/2929"}],"wp:attachment":[{"href":"https:\/\/baltasar.fr\/es\/wp-json\/wp\/v2\/media?parent=130"}],"curies":[{"name":"wp","href":"https:\/\/api.w.org\/{rel}","templated":true}]}}